{"id":5737,"date":"2025-02-03T12:47:31","date_gmt":"2025-02-03T12:47:31","guid":{"rendered":"http:\/\/www.heartoffinland.com\/?page_id=5737"},"modified":"2026-03-25T16:07:44","modified_gmt":"2026-03-25T16:07:44","slug":"tietosuoja","status":"publish","type":"page","link":"https:\/\/www.heartoffinland.com\/fi\/tietosuoja\/","title":{"rendered":"Tietosuoja"},"content":{"rendered":"<div data-elementor-type=\"wp-page\" data-elementor-id=\"5737\" class=\"elementor elementor-5737\" data-elementor-post-type=\"page\">\n\t\t\t\t\t\t<section class=\"elementor-section elementor-top-section elementor-element elementor-element-3bed3b4 elementor-section-boxed elementor-section-height-default elementor-section-height-default\" data-id=\"3bed3b4\" data-element_type=\"section\" data-e-type=\"section\" data-settings=\"{&quot;background_background&quot;:&quot;classic&quot;}\">\n\t\t\t\t\t\t<div class=\"elementor-container elementor-column-gap-default\">\n\t\t\t\t\t<div class=\"elementor-column elementor-col-33 elementor-top-column elementor-element elementor-element-72270b5\" data-id=\"72270b5\" data-element_type=\"column\" data-e-type=\"column\">\n\t\t\t<div class=\"elementor-widget-wrap\">\n\t\t\t\t\t\t\t<\/div>\n\t\t<\/div>\n\t\t\t\t<div class=\"elementor-column elementor-col-33 elementor-top-column elementor-element elementor-element-e3cae35 animated-slow elementor-invisible\" data-id=\"e3cae35\" data-element_type=\"column\" data-e-type=\"column\" data-settings=\"{&quot;animation&quot;:&quot;fadeIn&quot;}\">\n\t\t\t<div class=\"elementor-widget-wrap elementor-element-populated\">\n\t\t\t\t\t\t<div class=\"elementor-element elementor-element-6f746a8 elementor-widget elementor-widget-heading\" data-id=\"6f746a8\" data-element_type=\"widget\" data-e-type=\"widget\" data-widget_type=\"heading.default\">\n\t\t\t\t<div class=\"elementor-widget-container\">\n\t\t\t\t\t<h2 class=\"elementor-heading-title elementor-size-default\">Tietosuoja<\/h2>\t\t\t\t<\/div>\n\t\t\t\t<\/div>\n\t\t\t\t<div class=\"elementor-element elementor-element-283d57c elementor-widget elementor-widget-text-editor\" data-id=\"283d57c\" data-element_type=\"widget\" data-e-type=\"widget\" data-widget_type=\"text-editor.default\">\n\t\t\t\t<div class=\"elementor-widget-container\">\n\t\t\t\t\t\t\t\t\t<p>Our company values your privacy, and we currently do not collect or track visitors to our website. We do not use cookies or analytics tools that gather personal data. If our privacy policy changes in the future, we will clearly inform you on this page.<\/p>\t\t\t\t\t\t\t\t<\/div>\n\t\t\t\t<\/div>\n\t\t\t\t<div class=\"elementor-element elementor-element-3f3ab57 elementor-widget elementor-widget-spacer\" data-id=\"3f3ab57\" data-element_type=\"widget\" data-e-type=\"widget\" data-widget_type=\"spacer.default\">\n\t\t\t\t<div class=\"elementor-widget-container\">\n\t\t\t\t\t\t\t<div class=\"elementor-spacer\">\n\t\t\t<div class=\"elementor-spacer-inner\"><\/div>\n\t\t<\/div>\n\t\t\t\t\t\t<\/div>\n\t\t\t\t<\/div>\n\t\t\t\t<div class=\"elementor-element elementor-element-238e92b elementor-widget elementor-widget-heading\" data-id=\"238e92b\" data-element_type=\"widget\" data-e-type=\"widget\" data-widget_type=\"heading.default\">\n\t\t\t\t<div class=\"elementor-widget-container\">\n\t\t\t\t\t<h2 class=\"elementor-heading-title elementor-size-default\">Tietosuoja<\/h2>\t\t\t\t<\/div>\n\t\t\t\t<\/div>\n\t\t\t\t<div class=\"elementor-element elementor-element-34cff45 elementor-widget elementor-widget-text-editor\" data-id=\"34cff45\" data-element_type=\"widget\" data-e-type=\"widget\" data-widget_type=\"text-editor.default\">\n\t\t\t\t<div class=\"elementor-widget-container\">\n\t\t\t\t\t\t\t\t\t<p>Yrityksemme arvostaa yksityisyytt\u00e4si, emmek\u00e4 t\u00e4ll\u00e4 hetkell\u00e4 ker\u00e4\u00e4 tai seuraa sivustomme k\u00e4vij\u00f6it\u00e4. Emme k\u00e4yt\u00e4 ev\u00e4steit\u00e4 tai analytiikkaty\u00f6kaluja, jotka ker\u00e4isiv\u00e4t henkil\u00f6kohtaisia tietojasi. Jos tietosuojak\u00e4yt\u00e4nt\u00f6mme muuttuu tulevaisuudessa, tiedotamme siit\u00e4 selke\u00e4sti t\u00e4ll\u00e4 sivulla.<\/p>\t\t\t\t\t\t\t\t<\/div>\n\t\t\t\t<\/div>\n\t\t\t\t<div class=\"elementor-element elementor-element-74d68c0 elementor-widget elementor-widget-spacer\" data-id=\"74d68c0\" data-element_type=\"widget\" data-e-type=\"widget\" data-widget_type=\"spacer.default\">\n\t\t\t\t<div class=\"elementor-widget-container\">\n\t\t\t\t\t\t\t<div class=\"elementor-spacer\">\n\t\t\t<div class=\"elementor-spacer-inner\"><\/div>\n\t\t<\/div>\n\t\t\t\t\t\t<\/div>\n\t\t\t\t<\/div>\n\t\t\t\t<div class=\"elementor-element elementor-element-d43ae24 elementor-widget elementor-widget-heading\" data-id=\"d43ae24\" data-element_type=\"widget\" data-e-type=\"widget\" data-widget_type=\"heading.default\">\n\t\t\t\t<div class=\"elementor-widget-container\">\n\t\t\t\t\t<h2 class=\"elementor-heading-title elementor-size-default\">Integritetspolicy<\/h2>\t\t\t\t<\/div>\n\t\t\t\t<\/div>\n\t\t\t\t<div class=\"elementor-element elementor-element-9bc5ea0 elementor-widget elementor-widget-text-editor\" data-id=\"9bc5ea0\" data-element_type=\"widget\" data-e-type=\"widget\" data-widget_type=\"text-editor.default\">\n\t\t\t\t<div class=\"elementor-widget-container\">\n\t\t\t\t\t\t\t\t\t<p>V\u00e5rt f\u00f6retag v\u00e4rdes\u00e4tter din integritet, och vi samlar f\u00f6r n\u00e4rvarande inte in eller sp\u00e5rar bes\u00f6kare p\u00e5 v\u00e5r webbplats. Vi anv\u00e4nder inte cookies eller analystj\u00e4nster som samlar in personuppgifter. Om v\u00e5r integritetspolicy \u00e4ndras i framtiden, kommer vi tydligt att informera om det p\u00e5 denna sida.<\/p>\t\t\t\t\t\t\t\t<\/div>\n\t\t\t\t<\/div>\n\t\t\t\t\t<\/div>\n\t\t<\/div>\n\t\t\t\t<div class=\"elementor-column elementor-col-33 elementor-top-column elementor-element elementor-element-f68d5be\" data-id=\"f68d5be\" data-element_type=\"column\" data-e-type=\"column\">\n\t\t\t<div class=\"elementor-widget-wrap\">\n\t\t\t\t\t\t\t<\/div>\n\t\t<\/div>\n\t\t\t\t\t<\/div>\n\t\t<\/section>\n\t\t\t\t<\/div>","protected":false},"excerpt":{"rendered":"<p>Privacy Policy Our company values your privacy, and we currently do not collect or track visitors to our website. We do not use cookies or analytics tools that gather personal data. If our privacy policy changes in the future, we will clearly inform you on this page. Tietosuoja Yrityksemme arvostaa yksityisyytt\u00e4si, emmek\u00e4 t\u00e4ll\u00e4 hetkell\u00e4 ker\u00e4\u00e4 [&hellip;]<\/p>\n","protected":false},"author":1,"featured_media":0,"parent":0,"menu_order":0,"comment_status":"closed","ping_status":"closed","template":"elementor_header_footer","meta":{"footnotes":""},"class_list":["post-5737","page","type-page","status-publish","hentry"],"_links":{"self":[{"href":"https:\/\/www.heartoffinland.com\/fi\/wp-json\/wp\/v2\/pages\/5737","targetHints":{"allow":["GET"]}}],"collection":[{"href":"https:\/\/www.heartoffinland.com\/fi\/wp-json\/wp\/v2\/pages"}],"about":[{"href":"https:\/\/www.heartoffinland.com\/fi\/wp-json\/wp\/v2\/types\/page"}],"author":[{"embeddable":true,"href":"https:\/\/www.heartoffinland.com\/fi\/wp-json\/wp\/v2\/users\/1"}],"replies":[{"embeddable":true,"href":"https:\/\/www.heartoffinland.com\/fi\/wp-json\/wp\/v2\/comments?post=5737"}],"version-history":[{"count":7,"href":"https:\/\/www.heartoffinland.com\/fi\/wp-json\/wp\/v2\/pages\/5737\/revisions"}],"predecessor-version":[{"id":5959,"href":"https:\/\/www.heartoffinland.com\/fi\/wp-json\/wp\/v2\/pages\/5737\/revisions\/5959"}],"wp:attachment":[{"href":"https:\/\/www.heartoffinland.com\/fi\/wp-json\/wp\/v2\/media?parent=5737"}],"curies":[{"name":"wp","href":"https:\/\/api.w.org\/{rel}","templated":true}]}}